{"id":1007,"date":"2012-01-26T14:13:19","date_gmt":"2012-01-26T19:13:19","guid":{"rendered":"http:\/\/publicationsnunavik.com\/?page_id=1007"},"modified":"2014-04-01T12:19:33","modified_gmt":"2014-04-01T16:19:33","slug":"%c3%a0-propos","status":"publish","type":"page","link":"https:\/\/publicationsnunavik.com\/fr\/%c3%a0-propos\/","title":{"rendered":"\u00c0 propos"},"content":{"rendered":"<p>Nous sommes la maison d&rsquo;\u00e9dition des Inuits du Nunavik. Nos publications mettent en vedette des ouvrages par et \u00e0 propos des Inuits et du Nord. Notre but est de donner la parole aux Inuits et de privil\u00e9gier les sujets d&rsquo;actualit\u00e9 qui les touchent.<br \/>\nNous visons \u00e0 inspirer et \u00e0 encourager un nouveau discours positif sur l&rsquo;histoire, le v\u00e9cu actuel et l&rsquo;avenir des Inuits, par l&rsquo;entremise de m\u00e9moires, d&rsquo;ouvrages acad\u00e9miques, d&rsquo;\u00e9crits par la jeune g\u00e9n\u00e9ration et de livres qui r\u00e9f\u00e8rent \u00e0 nos exp\u00e9riences communes de la condition humaine.<\/p>\n<p><strong>Publications ant\u00e9rieures\u00a0:<br \/>\n<\/strong>Depuis plus de trois d\u00e9cennies, l&rsquo;Institut culturel Avataq publie des ouvrages de r\u00e9f\u00e9rence sur les Inuits et le Nord. Ces publications offertes en trois langues (inuktitut, anglais, fran\u00e7ais), ont \u00e9t\u00e9 produites en quantit\u00e9s limit\u00e9es et rendues disponibles aux Inuits du Nunavik. Vous retrouverez des extraits d&rsquo;histoires orales d&rsquo;a\u00een\u00e9s inuits, de l&rsquo;information sur les liens de parent\u00e9 et l&rsquo;occupation des sols traditionnels, les pratiques inuites en mati\u00e8re d&rsquo;\u00e9ducation des enfants, les plantes arctiques m\u00e9dicinales et bien plus encore! D\u00e9couvrez ausi les num\u00e9ros d\u00e9j\u00e0 parus du populaire magazine culturel inuit, <em>Tumivut<\/em>.<br \/>\n<a href=\"http:\/\/www.avataq.qc.ca\">www.avataq.qc.ca<\/a><\/p>\n<p><strong>Nos plus sinc\u00e8res remerciements \u00e0 nos partenaires majeurs :<br \/>\n<\/strong>Les activit\u00e9s de Publications Nunavik sont rendues possibles gr\u00e2ce \u00e0 la g\u00e9n\u00e9reuse participation financi\u00e8re de ses principaux partenaires\u00a0:<\/p>\n<p>La <strong>Soci\u00e9t\u00e9 Makivik,\u00a0<\/strong>qui a permis la mise sur pied du d\u00e9partement des publications et son fonctionnement de 2008 \u00e0 2012. Elle a \u00e9galement financ\u00e9 plusieurs publications et projets con\u00e7us par les divers d\u00e9partements de l\u2019Institut culturel Avataq. Son soutien ind\u00e9fectible t\u00e9moign\u00e9 au cours des trente derni\u00e8res ann\u00e9es, a permis \u00e0 l\u2019Institut de poursuivre et de d\u00e9velopper sa mission;<\/p>\n<p><a href=\"http:\/\/publicationsnunavik.com\/about\/makivik_logo\/\" rel=\"attachment wp-att-1134\"><img decoding=\"async\" loading=\"lazy\" class=\"alignnone size-full wp-image-1134\" title=\"makivik_logo\" alt=\"\" src=\"http:\/\/publicationsnunavik.com\/wp-content\/uploads\/2011\/04\/makivik_logo.png\" width=\"160\" height=\"61\" srcset=\"https:\/\/publicationsnunavik.com\/wp-content\/uploads\/2011\/04\/makivik_logo.png 160w, https:\/\/publicationsnunavik.com\/wp-content\/uploads\/2011\/04\/makivik_logo-150x57.png 150w, https:\/\/publicationsnunavik.com\/wp-content\/uploads\/2011\/04\/makivik_logo-60x22.png 60w, https:\/\/publicationsnunavik.com\/wp-content\/uploads\/2011\/04\/makivik_logo-140x53.png 140w\" sizes=\"(max-width: 160px) 100vw, 160px\" \/><\/a><\/p>\n<p>Le\u00a0<strong>minist\u00e8re de la Culture, des Communications et de la Condition f\u00e9minine du Qu\u00e9bec, <\/strong>qui, par son aide au fonctionnement accord\u00e9 \u00e0 l\u2019Institut culturel Avataq depuis 1984, a contribu\u00e9 \u00e0 l\u2019affirmation de l\u2019identit\u00e9 et de la vitalit\u00e9 culturelle des Inuits du Nunavik.<\/p>\n<p><a href=\"http:\/\/publicationsnunavik.com\/about\/mcccfq\/\" rel=\"attachment wp-att-1135\"><img decoding=\"async\" loading=\"lazy\" class=\"alignnone size-full wp-image-1135\" title=\"mcccfq\" alt=\"\" src=\"http:\/\/publicationsnunavik.com\/wp-content\/uploads\/2011\/04\/mcccfq.png\" width=\"160\" height=\"63\" srcset=\"https:\/\/publicationsnunavik.com\/wp-content\/uploads\/2011\/04\/mcccfq.png 160w, https:\/\/publicationsnunavik.com\/wp-content\/uploads\/2011\/04\/mcccfq-150x59.png 150w, https:\/\/publicationsnunavik.com\/wp-content\/uploads\/2011\/04\/mcccfq-60x23.png 60w, https:\/\/publicationsnunavik.com\/wp-content\/uploads\/2011\/04\/mcccfq-140x55.png 140w\" sizes=\"(max-width: 160px) 100vw, 160px\" \/><\/a><\/p>\n","protected":false},"excerpt":{"rendered":"<p>Nous sommes la maison d&rsquo;\u00e9dition des Inuits du Nunavik. Nos publications mettent en vedette des ouvrages par et \u00e0 propos des Inuits et du Nord. Notre but est de donner la parole aux Inuits et de privil\u00e9gier les sujets d&rsquo;actualit\u00e9 qui les touchent. Nous visons \u00e0 inspirer et \u00e0 encourager un nouveau discours positif sur &hellip;<\/p>\n","protected":false},"author":596,"featured_media":0,"parent":0,"menu_order":0,"comment_status":"closed","ping_status":"closed","template":"","meta":[],"_links":{"self":[{"href":"https:\/\/publicationsnunavik.com\/fr\/wp-json\/wp\/v2\/pages\/1007"}],"collection":[{"href":"https:\/\/publicationsnunavik.com\/fr\/wp-json\/wp\/v2\/pages"}],"about":[{"href":"https:\/\/publicationsnunavik.com\/fr\/wp-json\/wp\/v2\/types\/page"}],"author":[{"embeddable":true,"href":"https:\/\/publicationsnunavik.com\/fr\/wp-json\/wp\/v2\/users\/596"}],"replies":[{"embeddable":true,"href":"https:\/\/publicationsnunavik.com\/fr\/wp-json\/wp\/v2\/comments?post=1007"}],"version-history":[{"count":2,"href":"https:\/\/publicationsnunavik.com\/fr\/wp-json\/wp\/v2\/pages\/1007\/revisions"}],"predecessor-version":[{"id":2788,"href":"https:\/\/publicationsnunavik.com\/fr\/wp-json\/wp\/v2\/pages\/1007\/revisions\/2788"}],"wp:attachment":[{"href":"https:\/\/publicationsnunavik.com\/fr\/wp-json\/wp\/v2\/media?parent=1007"}],"curies":[{"name":"wp","href":"https:\/\/api.w.org\/{rel}","templated":true}]}}