{"id":474,"date":"2012-01-13T11:41:43","date_gmt":"2012-01-13T16:41:43","guid":{"rendered":"http:\/\/publicationsnunavik.com\/?page_id=474"},"modified":"2015-06-08T14:31:52","modified_gmt":"2015-06-08T18:31:52","slug":"pour-commander","status":"publish","type":"page","link":"https:\/\/publicationsnunavik.com\/fr\/pour-commander\/","title":{"rendered":"Pour commander"},"content":{"rendered":"<p><strong>Plusieurs fa\u00e7ons de commander&#8230;<\/strong><\/p>\n<p><strong>En faisant vos achats en ligne<br \/>\n<\/strong>Consultez le catalogue de nos publications et faites vos achats en ligne en toute s\u00e9curit\u00e9 gr\u00e2ce au mode de paiement Paypal qui garantit la confidentialit\u00e9 de vos transactions.<\/p>\n<p><strong>Par courrier \u00e9lectronique<br \/>\n<\/strong><a href=\"mailto:info@publicationsnunavik.ca\">info@publicationsnunavik.ca<\/a><br \/>\nFaites-nous parvenir votre commande en mentionnant le titre du livre d\u00e9sir\u00e9, la quantit\u00e9, votre nom, votre adresse postale compl\u00e8te et votre num\u00e9ro de t\u00e9l\u00e9phone.<\/p>\n<p><strong>Par t\u00e9l\u00e9phone<br \/>\n<\/strong>T\u00e9l\u00e9phonez-nous au <strong>(514) 989-9031<\/strong> <strong>poste 235<\/strong>\u00a0(r\u00e9gion de Montr\u00e9al)\u2028 ou au <strong>1 800 361-5029<\/strong> (sans frais, partout en Am\u00e9rique du Nord), du lundi au vendredi de 9h00 \u00e0 12h et de 13h \u00e0 17h00.<\/p>\n","protected":false},"excerpt":{"rendered":"<p>Plusieurs fa\u00e7ons de commander&#8230; En faisant vos achats en ligne Consultez le catalogue de nos publications et faites vos achats en ligne en toute s\u00e9curit\u00e9 gr\u00e2ce au mode de paiement Paypal qui garantit la confidentialit\u00e9 de vos transactions. Par courrier \u00e9lectronique info@publicationsnunavik.ca Faites-nous parvenir votre commande en mentionnant le titre du livre d\u00e9sir\u00e9, la quantit\u00e9, &hellip;<\/p>\n","protected":false},"author":596,"featured_media":0,"parent":0,"menu_order":0,"comment_status":"closed","ping_status":"closed","template":"","meta":[],"_links":{"self":[{"href":"https:\/\/publicationsnunavik.com\/fr\/wp-json\/wp\/v2\/pages\/474"}],"collection":[{"href":"https:\/\/publicationsnunavik.com\/fr\/wp-json\/wp\/v2\/pages"}],"about":[{"href":"https:\/\/publicationsnunavik.com\/fr\/wp-json\/wp\/v2\/types\/page"}],"author":[{"embeddable":true,"href":"https:\/\/publicationsnunavik.com\/fr\/wp-json\/wp\/v2\/users\/596"}],"replies":[{"embeddable":true,"href":"https:\/\/publicationsnunavik.com\/fr\/wp-json\/wp\/v2\/comments?post=474"}],"version-history":[{"count":1,"href":"https:\/\/publicationsnunavik.com\/fr\/wp-json\/wp\/v2\/pages\/474\/revisions"}],"predecessor-version":[{"id":2840,"href":"https:\/\/publicationsnunavik.com\/fr\/wp-json\/wp\/v2\/pages\/474\/revisions\/2840"}],"wp:attachment":[{"href":"https:\/\/publicationsnunavik.com\/fr\/wp-json\/wp\/v2\/media?parent=474"}],"curies":[{"name":"wp","href":"https:\/\/api.w.org\/{rel}","templated":true}]}}